{"id":41235,"date":"2022-11-21T14:46:45","date_gmt":"2022-11-21T12:46:45","guid":{"rendered":"https:\/\/eshop.maisondevangogh.fr\/p\/chaumes-a-cordeville\/"},"modified":"2025-07-03T14:19:27","modified_gmt":"2025-07-03T12:19:27","slug":"chaumes-a-cordeville","status":"publish","type":"product","link":"https:\/\/eshop.maisondevangogh.fr\/fr\/p\/chaumes-a-cordeville\/?product_tag=canvas&list=frame-blanc","title":{"rendered":"Chaumes \u00e0 Cordeville"},"content":{"rendered":"<p>Mat\u00e9riel d&#8217;origine: Huile sur toile<br \/>\nFormat original: 72 x 91 cm<br \/>\nAn: 1890<\/p>\n","protected":false},"excerpt":{"rendered":"<p>Vincent van Gogh, Auvers-sur-Oise, 1890, Huile sur toile, 72 x 91 cm<\/p>\n","protected":false},"featured_media":14744,"comment_status":"closed","ping_status":"open","template":"","meta":{"powered_cache_disable_cache":false},"product_brand":[],"product_cat":[295],"product_tag":[106,293,294],"class_list":{"0":"post-41235","1":"product","2":"type-product","3":"status-publish","4":"has-post-thumbnail","6":"product_cat-auvers-sur-oise","7":"product_tag-dibond-giclee","8":"product_tag-papier-aquarelle-giclee","9":"product_tag-toile-giclee","10":"pa_framed-frame-black","11":"pa_framed-frame-blanc","12":"pa_framed-frame-colonial","13":"pa_framed-frame-gold","14":"pa_framed-frame-white","15":"pa_framed-none","16":"pa_material-canvas-giclee","17":"pa_material-dibond-giclee","18":"pa_material-watercolor-paper-giclee","19":"pa_size-100x125-cm","20":"pa_size-20x25-cm","21":"pa_size-25x30-cm","22":"pa_size-30x40-cm","23":"pa_size-40x50-cm","24":"pa_size-40x60-cm","25":"pa_size-45x55-cm","26":"pa_size-60x75-cm","27":"pa_size-60x80-cm","28":"pa_size-65x80-cm","29":"pa_size-75x95-cm","30":"pa_size-80x100-cm","31":"pa_size-95x120-cm","32":"product-item-shadow","34":"first","35":"instock","36":"taxable","37":"shipping-taxable","38":"purchasable","39":"product-type-variable"},"yoast_head":"<!-- This site is optimized with the Yoast SEO plugin v27.1.1 - https:\/\/yoast.com\/product\/yoast-seo-wordpress\/ -->\n<title>Chaumes \u00e0 Cordeville - Maison de van Gogh<\/title>\n<meta name=\"description\" content=\"Gicl\u00e9e Print on Canvas, Gicl\u00e9e Print on Paper, Van Gogh paintings\" \/>\n<meta name=\"robots\" content=\"index, follow, max-snippet:-1, max-image-preview:large, max-video-preview:-1\" \/>\n<link rel=\"canonical\" href=\"https:\/\/eshop.maisondevangogh.fr\/fr\/p\/chaumes-a-cordeville\/\" \/>\n<meta property=\"og:locale\" content=\"fr_FR\" \/>\n<meta property=\"og:type\" content=\"article\" \/>\n<meta property=\"og:title\" content=\"Chaumes \u00e0 Cordeville - Maison de van Gogh\" \/>\n<meta property=\"og:description\" content=\"Gicl\u00e9e Print on Canvas, Gicl\u00e9e Print on Paper, Van Gogh paintings\" \/>\n<meta property=\"og:url\" content=\"https:\/\/eshop.maisondevangogh.fr\/fr\/p\/chaumes-a-cordeville\/\" \/>\n<meta property=\"og:site_name\" content=\"Maison de van Gogh\" \/>\n<meta property=\"article:modified_time\" content=\"2025-07-03T12:19:27+00:00\" \/>\n<meta property=\"og:image\" content=\"https:\/\/eshop.maisondevangogh.fr\/wp-content\/uploads\/2022\/05\/24-F792.jpg\" \/>\n\t<meta property=\"og:image:width\" content=\"1000\" \/>\n\t<meta property=\"og:image:height\" content=\"788\" \/>\n\t<meta property=\"og:image:type\" content=\"image\/jpeg\" \/>\n<meta name=\"twitter:card\" content=\"summary_large_image\" \/>\n<script type=\"application\/ld+json\" class=\"yoast-schema-graph\">{\"@context\":\"https:\/\/schema.org\",\"@graph\":[{\"@type\":\"WebPage\",\"@id\":\"https:\/\/eshop.maisondevangogh.fr\/fr\/p\/chaumes-a-cordeville\/\",\"url\":\"https:\/\/eshop.maisondevangogh.fr\/fr\/p\/chaumes-a-cordeville\/\",\"name\":\"Chaumes \u00e0 Cordeville - Maison de van Gogh\",\"isPartOf\":{\"@id\":\"https:\/\/eshop.maisondevangogh.fr\/#website\"},\"primaryImageOfPage\":{\"@id\":\"https:\/\/eshop.maisondevangogh.fr\/fr\/p\/chaumes-a-cordeville\/#primaryimage\"},\"image\":{\"@id\":\"https:\/\/eshop.maisondevangogh.fr\/fr\/p\/chaumes-a-cordeville\/#primaryimage\"},\"thumbnailUrl\":\"https:\/\/eshop.maisondevangogh.fr\/wp-content\/uploads\/2022\/05\/24-F792.jpg\",\"datePublished\":\"2022-11-21T12:46:45+00:00\",\"dateModified\":\"2025-07-03T12:19:27+00:00\",\"description\":\"Gicl\u00e9e Print on Canvas, Gicl\u00e9e Print on Paper, Van Gogh paintings\",\"breadcrumb\":{\"@id\":\"https:\/\/eshop.maisondevangogh.fr\/fr\/p\/chaumes-a-cordeville\/#breadcrumb\"},\"inLanguage\":\"fr-FR\",\"potentialAction\":[{\"@type\":\"ReadAction\",\"target\":[\"https:\/\/eshop.maisondevangogh.fr\/fr\/p\/chaumes-a-cordeville\/\"]}]},{\"@type\":\"ImageObject\",\"inLanguage\":\"fr-FR\",\"@id\":\"https:\/\/eshop.maisondevangogh.fr\/fr\/p\/chaumes-a-cordeville\/#primaryimage\",\"url\":\"https:\/\/eshop.maisondevangogh.fr\/wp-content\/uploads\/2022\/05\/24-F792.jpg\",\"contentUrl\":\"https:\/\/eshop.maisondevangogh.fr\/wp-content\/uploads\/2022\/05\/24-F792.jpg\",\"width\":1000,\"height\":788,\"caption\":\"Museum Gicl\u00e9eprint - Chaumes \u00e0 Cordeville de Vincent van Gogh\"},{\"@type\":\"BreadcrumbList\",\"@id\":\"https:\/\/eshop.maisondevangogh.fr\/fr\/p\/chaumes-a-cordeville\/#breadcrumb\",\"itemListElement\":[{\"@type\":\"ListItem\",\"position\":1,\"name\":\"Home\",\"item\":\"https:\/\/eshop.maisondevangogh.fr\/fr\/\"},{\"@type\":\"ListItem\",\"position\":2,\"name\":\"Shop\",\"item\":\"https:\/\/eshop.maisondevangogh.fr\/fr\/\"},{\"@type\":\"ListItem\",\"position\":3,\"name\":\"Chaumes \u00e0 Cordeville\"}]},{\"@type\":\"WebSite\",\"@id\":\"https:\/\/eshop.maisondevangogh.fr\/#website\",\"url\":\"https:\/\/eshop.maisondevangogh.fr\/\",\"name\":\"eShop Maison de Van Gogh\",\"description\":\"\",\"potentialAction\":[{\"@type\":\"SearchAction\",\"target\":{\"@type\":\"EntryPoint\",\"urlTemplate\":\"https:\/\/eshop.maisondevangogh.fr\/?s={search_term_string}\"},\"query-input\":{\"@type\":\"PropertyValueSpecification\",\"valueRequired\":true,\"valueName\":\"search_term_string\"}}],\"inLanguage\":\"fr-FR\"}]}<\/script>\n<!-- \/ Yoast SEO plugin. -->","yoast_head_json":{"title":"Chaumes \u00e0 Cordeville - Maison de van Gogh","description":"Gicl\u00e9e Print on Canvas, Gicl\u00e9e Print on Paper, Van Gogh paintings","robots":{"index":"index","follow":"follow","max-snippet":"max-snippet:-1","max-image-preview":"max-image-preview:large","max-video-preview":"max-video-preview:-1"},"canonical":"https:\/\/eshop.maisondevangogh.fr\/fr\/p\/chaumes-a-cordeville\/","og_locale":"fr_FR","og_type":"article","og_title":"Chaumes \u00e0 Cordeville - Maison de van Gogh","og_description":"Gicl\u00e9e Print on Canvas, Gicl\u00e9e Print on Paper, Van Gogh paintings","og_url":"https:\/\/eshop.maisondevangogh.fr\/fr\/p\/chaumes-a-cordeville\/","og_site_name":"Maison de van Gogh","article_modified_time":"2025-07-03T12:19:27+00:00","og_image":[{"width":1000,"height":788,"url":"https:\/\/eshop.maisondevangogh.fr\/wp-content\/uploads\/2022\/05\/24-F792.jpg","type":"image\/jpeg"}],"twitter_card":"summary_large_image","schema":{"@context":"https:\/\/schema.org","@graph":[{"@type":"WebPage","@id":"https:\/\/eshop.maisondevangogh.fr\/fr\/p\/chaumes-a-cordeville\/","url":"https:\/\/eshop.maisondevangogh.fr\/fr\/p\/chaumes-a-cordeville\/","name":"Chaumes \u00e0 Cordeville - Maison de van Gogh","isPartOf":{"@id":"https:\/\/eshop.maisondevangogh.fr\/#website"},"primaryImageOfPage":{"@id":"https:\/\/eshop.maisondevangogh.fr\/fr\/p\/chaumes-a-cordeville\/#primaryimage"},"image":{"@id":"https:\/\/eshop.maisondevangogh.fr\/fr\/p\/chaumes-a-cordeville\/#primaryimage"},"thumbnailUrl":"https:\/\/eshop.maisondevangogh.fr\/wp-content\/uploads\/2022\/05\/24-F792.jpg","datePublished":"2022-11-21T12:46:45+00:00","dateModified":"2025-07-03T12:19:27+00:00","description":"Gicl\u00e9e Print on Canvas, Gicl\u00e9e Print on Paper, Van Gogh paintings","breadcrumb":{"@id":"https:\/\/eshop.maisondevangogh.fr\/fr\/p\/chaumes-a-cordeville\/#breadcrumb"},"inLanguage":"fr-FR","potentialAction":[{"@type":"ReadAction","target":["https:\/\/eshop.maisondevangogh.fr\/fr\/p\/chaumes-a-cordeville\/"]}]},{"@type":"ImageObject","inLanguage":"fr-FR","@id":"https:\/\/eshop.maisondevangogh.fr\/fr\/p\/chaumes-a-cordeville\/#primaryimage","url":"https:\/\/eshop.maisondevangogh.fr\/wp-content\/uploads\/2022\/05\/24-F792.jpg","contentUrl":"https:\/\/eshop.maisondevangogh.fr\/wp-content\/uploads\/2022\/05\/24-F792.jpg","width":1000,"height":788,"caption":"Museum Gicl\u00e9eprint - Chaumes \u00e0 Cordeville de Vincent van Gogh"},{"@type":"BreadcrumbList","@id":"https:\/\/eshop.maisondevangogh.fr\/fr\/p\/chaumes-a-cordeville\/#breadcrumb","itemListElement":[{"@type":"ListItem","position":1,"name":"Home","item":"https:\/\/eshop.maisondevangogh.fr\/fr\/"},{"@type":"ListItem","position":2,"name":"Shop","item":"https:\/\/eshop.maisondevangogh.fr\/fr\/"},{"@type":"ListItem","position":3,"name":"Chaumes \u00e0 Cordeville"}]},{"@type":"WebSite","@id":"https:\/\/eshop.maisondevangogh.fr\/#website","url":"https:\/\/eshop.maisondevangogh.fr\/","name":"eShop Maison de Van Gogh","description":"","potentialAction":[{"@type":"SearchAction","target":{"@type":"EntryPoint","urlTemplate":"https:\/\/eshop.maisondevangogh.fr\/?s={search_term_string}"},"query-input":{"@type":"PropertyValueSpecification","valueRequired":true,"valueName":"search_term_string"}}],"inLanguage":"fr-FR"}]}},"_links":{"self":[{"href":"https:\/\/eshop.maisondevangogh.fr\/fr\/wp-json\/wp\/v2\/product\/41235","targetHints":{"allow":["GET"]}}],"collection":[{"href":"https:\/\/eshop.maisondevangogh.fr\/fr\/wp-json\/wp\/v2\/product"}],"about":[{"href":"https:\/\/eshop.maisondevangogh.fr\/fr\/wp-json\/wp\/v2\/types\/product"}],"replies":[{"embeddable":true,"href":"https:\/\/eshop.maisondevangogh.fr\/fr\/wp-json\/wp\/v2\/comments?post=41235"}],"wp:featuredmedia":[{"embeddable":true,"href":"https:\/\/eshop.maisondevangogh.fr\/fr\/wp-json\/wp\/v2\/media\/14744"}],"wp:attachment":[{"href":"https:\/\/eshop.maisondevangogh.fr\/fr\/wp-json\/wp\/v2\/media?parent=41235"}],"wp:term":[{"taxonomy":"product_brand","embeddable":true,"href":"https:\/\/eshop.maisondevangogh.fr\/fr\/wp-json\/wp\/v2\/product_brand?post=41235"},{"taxonomy":"product_cat","embeddable":true,"href":"https:\/\/eshop.maisondevangogh.fr\/fr\/wp-json\/wp\/v2\/product_cat?post=41235"},{"taxonomy":"product_tag","embeddable":true,"href":"https:\/\/eshop.maisondevangogh.fr\/fr\/wp-json\/wp\/v2\/product_tag?post=41235"}],"curies":[{"name":"wp","href":"https:\/\/api.w.org\/{rel}","templated":true}]}}